{"id":20211,"date":"2013-10-16T12:05:38","date_gmt":"2013-10-16T12:05:38","guid":{"rendered":"https:\/\/loode-eesti.metsauhistu.ee\/kontaktid\/"},"modified":"2025-11-11T05:37:31","modified_gmt":"2025-11-11T03:37:31","slug":"contacts","status":"publish","type":"page","link":"https:\/\/loode-eesti.metsauhistu.ee\/en\/contacts\/","title":{"rendered":"Get in touch"},"content":{"rendered":"\n<div class=\"wp-block-group kontakt-google-maps\"><div class=\"wp-block-group__inner-container is-layout-flow wp-block-group-is-layout-flow\">\n<div class=\"wp-block-columns is-layout-flex wp-container-core-columns-is-layout-1 wp-block-columns-is-layout-flex\">\n<div class=\"wp-block-column is-layout-flow wp-block-column-is-layout-flow\" style=\"flex-basis:40%\">\n<div style=\"height:40px\" aria-hidden=\"true\" class=\"wp-block-spacer\"><\/div>\n\n\n\n<figure class=\"wp-block-image size-large is-resized\"><img loading=\"lazy\" decoding=\"async\" width=\"822\" height=\"84\" src=\"https:\/\/loode-eesti.metsauhistu.ee\/wp-content\/uploads\/sites\/13\/2025\/05\/Loode-eesti-metsauhist-logo-1-1.svg\" alt=\"\" class=\"wp-image-21263\" style=\"width:419px;height:auto\"\/><\/figure>\n\n\n\n<div style=\"height:20px\" aria-hidden=\"true\" class=\"wp-block-spacer\"><\/div>\n\n\n\n<p><strong>Loode-Eesti Metsa\u00fchistu MT\u00dc<\/strong><\/p>\n\n\n\n<p><strong>Address: <\/strong>Tallinna mnt 78, Uuem\u00f5isa, Haapsalu<\/p>\n\n\n\n<p class=\"has-brand-fourth-color has-text-color has-link-color wp-elements-da51b56e4eeb1fe33a63c80c652091cd\"><strong>Haapsalu office<\/strong><\/p>\n\n\n\n<p><strong>Address: <\/strong>Tallinna mnt 78, Uuem\u00f5isa, Haapsalu<br><strong>Opening hours:<\/strong> E-R: 9:00-16:00<br>Please schedule an appointment for a meeting or consultation.<\/p>\n\n\n\n<p class=\"has-brand-fourth-color has-text-color has-link-color wp-elements-966649e1ce22acdd77410f1797e38d9b\"><strong>Tallinn office<\/strong><\/p>\n\n\n\n<p><strong>Address: <\/strong>P\u00e4rnu mnt 142, Tallinn<br>We are located on the 2nd floor<br><strong>Opening hours:<\/strong> Please schedule an appointment for a meeting or consultation.<\/p>\n\n\n\n<p><strong>Phone: <\/strong>+372 5348 3252<br><strong>E-mail: <\/strong><a href=\"mailto:loode-eesti@metsauhistu.ee\"><strong>loode-eesti@metsauhistu.ee<\/strong><\/a><strong><br>FB: <a href=\"https:\/\/www.facebook.com\/laanemaametsauhistu\">facebook.com\/laanemaametsauhist<\/a><a href=\"https:\/\/www.facebook.com\/loodeeesti.metsauhistu\">u<\/a><\/strong><br><\/p>\n\n\n\n<p>Registry code: 80309349<br>KMKR No: EE101582809<br>Swedbank:  EE592200221049737582<\/p>\n<\/div>\n\n\n\n<div class=\"wp-block-column is-layout-flow wp-block-column-is-layout-flow\">\n<div style=\"height:40px\" aria-hidden=\"true\" class=\"wp-block-spacer\"><\/div>\n\n\n<style>\n    .google-maps-init {\n        display: block;\n        width: 100%;\n        height: 40rem;\n    }\n<\/style>\n<div class=\"gmaps\">\n    <div id=\"google_maps_69dcf06e173fa\" class=\"google-maps-init\"><\/div>\n<\/div>\n<script>\n    (function () {\n        if (document.readyState === 'complete') {\n            initMap();\n        }\n\n        const interval = setInterval(function () {\n            if (document.readyState === 'complete') {\n                clearInterval(interval);\n                initMap();\n            }\n        }, 100);\n\n        function initMap() {\n            GoogleMapsLoader.init(function () {\n                const mapEl     = document.getElementById('google_maps_69dcf06e173fa');\n                const x         = 58.93961493639843;\n                const y         = 23.58006443975388;\n                const mapCenter = new google.maps.LatLng(x, y);\n                const map       = new google.maps.Map(mapEl, {\n                    center: mapCenter,\n                    disableDefaultUI: true,\n                    zoomControl: true,\n                    fullscreenControl: true,\n                    zoom: 16,\n                    styles: [\n                        {\n                            \"elementType\": \"labels.icon\",\n                            \"stylers\": [\n                                {\n                                    \"visibility\": \"off\"\n                                }\n                            ]\n                        },\n                    ]\n                });\n\n                new google.maps.Marker({\n                    position: mapCenter,\n                    map: map,\n                    disableDefaultUI: true,\n                    icon: {\n                        \/\/todo: vaheta see v\u00e4lja peale LIVE panekut.\n                        url: '\/wp-content\/themes\/metsauhistu\/dist\/images\/pin.svg',\n                        origin: new google.maps.Point(0, 0)\n                    },\n                });\n            });\n        }\n    })();\n<\/script>\n\n\n\n\n<div style=\"height:53px\" aria-hidden=\"true\" class=\"wp-block-spacer\"><\/div>\n\n\n\n<p><strong>Tallinn office<\/strong><\/p>\n\n\n<style>\n    .google-maps-init {\n        display: block;\n        width: 100%;\n        height: 40rem;\n    }\n<\/style>\n<div class=\"gmaps\">\n    <div id=\"google_maps_69dcf06e17420\" class=\"google-maps-init\"><\/div>\n<\/div>\n<script>\n    (function () {\n        if (document.readyState === 'complete') {\n            initMap();\n        }\n\n        const interval = setInterval(function () {\n            if (document.readyState === 'complete') {\n                clearInterval(interval);\n                initMap();\n            }\n        }, 100);\n\n        function initMap() {\n            GoogleMapsLoader.init(function () {\n                const mapEl     = document.getElementById('google_maps_69dcf06e17420');\n                const x         = 59.411207;\n                const y         = 24.735248;\n                const mapCenter = new google.maps.LatLng(x, y);\n                const map       = new google.maps.Map(mapEl, {\n                    center: mapCenter,\n                    disableDefaultUI: true,\n                    zoomControl: true,\n                    fullscreenControl: true,\n                    zoom: 16,\n                    styles: [\n                        {\n                            \"elementType\": \"labels.icon\",\n                            \"stylers\": [\n                                {\n                                    \"visibility\": \"off\"\n                                }\n                            ]\n                        },\n                    ]\n                });\n\n                new google.maps.Marker({\n                    position: mapCenter,\n                    map: map,\n                    disableDefaultUI: true,\n                    icon: {\n                        \/\/todo: vaheta see v\u00e4lja peale LIVE panekut.\n                        url: '\/wp-content\/themes\/metsauhistu\/dist\/images\/pin.svg',\n                        origin: new google.maps.Point(0, 0)\n                    },\n                });\n            });\n        }\n    })();\n<\/script>\n\n<\/div>\n<\/div>\n<\/div><\/div>\n\n\n\n<div class=\"wp-block-columns is-layout-flex wp-container-core-columns-is-layout-2 wp-block-columns-is-layout-flex\">\n<div class=\"wp-block-column is-layout-flow wp-block-column-is-layout-flow\">\n<div class=\"wp-block-group kontakti-kaart\"><div class=\"wp-block-group__inner-container is-layout-flow wp-block-group-is-layout-flow\">\n<figure class=\"wp-block-image size-full\"><img loading=\"lazy\" decoding=\"async\" width=\"892\" height=\"594\" src=\"https:\/\/loode-eesti.metsauhistu.ee\/wp-content\/uploads\/sites\/13\/2025\/02\/metsauhistu-kontakt-n-892x594-1.jpg\" alt=\"V\u00f5ta meiega \u00fchendust- L\u00e4\u00e4nemaa Metsa\u00fchistu \" class=\"wp-image-20944\" srcset=\"https:\/\/loode-eesti.metsauhistu.ee\/wp-content\/uploads\/sites\/13\/2025\/02\/metsauhistu-kontakt-n-892x594-1.jpg 892w, https:\/\/loode-eesti.metsauhistu.ee\/wp-content\/uploads\/sites\/13\/2025\/02\/metsauhistu-kontakt-n-892x594-1-300x200.jpg 300w, https:\/\/loode-eesti.metsauhistu.ee\/wp-content\/uploads\/sites\/13\/2025\/02\/metsauhistu-kontakt-n-892x594-1-768x511.jpg 768w\" sizes=\"(max-width: 892px) 100vw, 892px\" \/><\/figure>\n\n\n\n<h4 class=\"wp-block-heading\">K\u00e4rt Ollema<\/h4>\n\n\n\n<p class=\"has-small-font-size\"><em>Office Manager<\/em><\/p>\n\n\n\n<p>+372 5348 3252<\/p>\n\n\n\n<p><strong><strong><a href=\"mailto:kart.ollema@metsauhistu.ee\">kart.ollema@metsauhistu.ee<\/a><\/strong><\/strong><\/p>\n<\/div><\/div>\n<\/div>\n\n\n\n<div class=\"wp-block-column is-layout-flow wp-block-column-is-layout-flow\">\n<figure class=\"wp-block-image size-full\"><img loading=\"lazy\" decoding=\"async\" width=\"892\" height=\"594\" src=\"https:\/\/loode-eesti.metsauhistu.ee\/wp-content\/uploads\/sites\/13\/2025\/03\/veljo-kutt-loode-eesti-metsauhistu.jpg\" alt=\"\" class=\"wp-image-21134\" srcset=\"https:\/\/loode-eesti.metsauhistu.ee\/wp-content\/uploads\/sites\/13\/2025\/03\/veljo-kutt-loode-eesti-metsauhistu.jpg 892w, https:\/\/loode-eesti.metsauhistu.ee\/wp-content\/uploads\/sites\/13\/2025\/03\/veljo-kutt-loode-eesti-metsauhistu-300x200.jpg 300w, https:\/\/loode-eesti.metsauhistu.ee\/wp-content\/uploads\/sites\/13\/2025\/03\/veljo-kutt-loode-eesti-metsauhistu-768x511.jpg 768w\" sizes=\"(max-width: 892px) 100vw, 892px\" \/><\/figure>\n\n\n\n<div class=\"wp-block-group kontakti-kaart\"><div class=\"wp-block-group__inner-container is-layout-flow wp-block-group-is-layout-flow\">\n<h4 class=\"wp-block-heading\">Veljo K\u00fctt<\/h4>\n\n\n\n<p class=\"has-small-font-size\"><em>Consultant<\/em><\/p>\n\n\n\n<p>+372 504 8876<\/p>\n\n\n\n<p><strong><a href=\"mailto:veljo.kytt@metsauhistu.ee\">veljo.kytt@metsauhistu.ee<\/a><\/strong><\/p>\n<\/div><\/div>\n<\/div>\n\n\n\n<div class=\"wp-block-column is-layout-flow wp-block-column-is-layout-flow\">\n<figure class=\"wp-block-image size-full\"><img loading=\"lazy\" decoding=\"async\" width=\"892\" height=\"594\" src=\"https:\/\/loode-eesti.metsauhistu.ee\/wp-content\/uploads\/sites\/13\/2025\/03\/allar-luik-metsamajanduse-spetsialist-loode-eesti-metsauhistu.jpg\" alt=\"Allar Luik. Metsamajandamise spetsialist\" class=\"wp-image-21160\" srcset=\"https:\/\/loode-eesti.metsauhistu.ee\/wp-content\/uploads\/sites\/13\/2025\/03\/allar-luik-metsamajanduse-spetsialist-loode-eesti-metsauhistu.jpg 892w, https:\/\/loode-eesti.metsauhistu.ee\/wp-content\/uploads\/sites\/13\/2025\/03\/allar-luik-metsamajanduse-spetsialist-loode-eesti-metsauhistu-300x200.jpg 300w, https:\/\/loode-eesti.metsauhistu.ee\/wp-content\/uploads\/sites\/13\/2025\/03\/allar-luik-metsamajanduse-spetsialist-loode-eesti-metsauhistu-768x511.jpg 768w\" sizes=\"(max-width: 892px) 100vw, 892px\" \/><\/figure>\n\n\n\n<div class=\"wp-block-group kontakti-kaart\"><div class=\"wp-block-group__inner-container is-layout-flow wp-block-group-is-layout-flow\">\n<h4 class=\"wp-block-heading\">Allar Luik<\/h4>\n\n\n\n<p class=\"has-small-font-size\"><em>Forest Management Specialist<\/em><\/p>\n\n\n\n<p>+372 5303 1054<\/p>\n\n\n\n<p><a href=\"mailto:allar.luik@metsauhistu.ee\"><strong>allar.luik@metsauhistu.ee<\/strong><\/a><\/p>\n<\/div><\/div>\n<\/div>\n<\/div>\n\n\n\n<div class=\"wp-block-columns is-layout-flex wp-container-core-columns-is-layout-3 wp-block-columns-is-layout-flex\">\n<div class=\"wp-block-column is-layout-flow wp-block-column-is-layout-flow\">\n<figure class=\"wp-block-image size-full\"><img loading=\"lazy\" decoding=\"async\" width=\"892\" height=\"594\" src=\"https:\/\/loode-eesti.metsauhistu.ee\/wp-content\/uploads\/sites\/13\/2025\/03\/metsauhistu-kontakt-m-892x594-1.jpg\" alt=\"V\u00f5ta meiega \u00fchendust. Kontakt\" class=\"wp-image-21166\" srcset=\"https:\/\/loode-eesti.metsauhistu.ee\/wp-content\/uploads\/sites\/13\/2025\/03\/metsauhistu-kontakt-m-892x594-1.jpg 892w, https:\/\/loode-eesti.metsauhistu.ee\/wp-content\/uploads\/sites\/13\/2025\/03\/metsauhistu-kontakt-m-892x594-1-300x200.jpg 300w, https:\/\/loode-eesti.metsauhistu.ee\/wp-content\/uploads\/sites\/13\/2025\/03\/metsauhistu-kontakt-m-892x594-1-768x511.jpg 768w\" sizes=\"(max-width: 892px) 100vw, 892px\" \/><\/figure>\n\n\n\n<div class=\"wp-block-group kontakti-kaart\"><div class=\"wp-block-group__inner-container is-layout-flow wp-block-group-is-layout-flow\">\n<h4 class=\"wp-block-heading\">Kristen Kontaveit<\/h4>\n\n\n\n<p class=\"has-small-font-size\"><em>Forest Management Specialist &amp; Consultant<\/em><\/p>\n\n\n\n<p>+372 5818 8289<\/p>\n\n\n\n<p><a href=\"mailto:kristen.kontaveit@metsauhistu.ee\"><strong>kristen.kontaveit@metsauhistu.ee<\/strong><\/a><\/p>\n<\/div><\/div>\n<\/div>\n\n\n\n<div class=\"wp-block-column is-layout-flow wp-block-column-is-layout-flow\">\n<figure class=\"wp-block-image size-full\"><img loading=\"lazy\" decoding=\"async\" width=\"892\" height=\"594\" src=\"https:\/\/loode-eesti.metsauhistu.ee\/wp-content\/uploads\/sites\/13\/2025\/03\/metsauhistu-kontakt-m-892x594-1.jpg\" alt=\"V\u00f5ta meiega \u00fchendust. Kontakt\" class=\"wp-image-21166\" srcset=\"https:\/\/loode-eesti.metsauhistu.ee\/wp-content\/uploads\/sites\/13\/2025\/03\/metsauhistu-kontakt-m-892x594-1.jpg 892w, https:\/\/loode-eesti.metsauhistu.ee\/wp-content\/uploads\/sites\/13\/2025\/03\/metsauhistu-kontakt-m-892x594-1-300x200.jpg 300w, https:\/\/loode-eesti.metsauhistu.ee\/wp-content\/uploads\/sites\/13\/2025\/03\/metsauhistu-kontakt-m-892x594-1-768x511.jpg 768w\" sizes=\"(max-width: 892px) 100vw, 892px\" \/><\/figure>\n\n\n\n<div class=\"wp-block-group kontakti-kaart\"><div class=\"wp-block-group__inner-container is-layout-flow wp-block-group-is-layout-flow\">\n<h4 class=\"wp-block-heading\">Rainer Laigu<\/h4>\n\n\n\n<p class=\"has-small-font-size\"><em>CEO<\/em><\/p>\n\n\n\n<p>+372 510 1411<\/p>\n\n\n\n<p><strong><a href=\"mailto:rainer.laigu@metsauhistu.ee\">rainer.laigu@metsauhistu.ee<\/a><\/strong><\/p>\n<\/div><\/div>\n<\/div>\n\n\n\n<div class=\"wp-block-column is-layout-flow wp-block-column-is-layout-flow\">\n<div class=\"wp-block-group kontakti-kaart\"><div class=\"wp-block-group__inner-container is-layout-flow wp-block-group-is-layout-flow\">\n<h2 class=\"wp-block-heading\"><\/h2>\n<\/div><\/div>\n<\/div>\n<\/div>\n\n\n\n<div class=\"wp-block-columns is-layout-flex wp-container-core-columns-is-layout-4 wp-block-columns-is-layout-flex\">\n<div class=\"wp-block-column is-layout-flow wp-block-column-is-layout-flow\"><\/div>\n\n\n\n<div class=\"wp-block-column is-layout-flow wp-block-column-is-layout-flow\">\n<div class=\"wp-block-group kontakti-kaart\"><div class=\"wp-block-group__inner-container is-layout-flow wp-block-group-is-layout-flow\">\n<h4 class=\"wp-block-heading\"><\/h4>\n\n\n\n<p class=\"has-small-font-size\"><\/p>\n\n\n\n<p><\/p>\n\n\n\n<p><\/p>\n<\/div><\/div>\n<\/div>\n\n\n\n<div class=\"wp-block-column is-layout-flow wp-block-column-is-layout-flow\">\n<div class=\"wp-block-group kontakti-kaart\"><div class=\"wp-block-group__inner-container is-layout-flow wp-block-group-is-layout-flow\"><\/div><\/div>\n<\/div>\n<\/div>\n","protected":false},"excerpt":{"rendered":"<p>Loode-Eesti Metsa\u00fchistu MT\u00dc Address: Tallinna mnt 78, Uuem\u00f5isa, Haapsalu Haapsalu office Address: Tallinna mnt 78, Uuem\u00f5isa, HaapsaluOpening hours: E-R: 9:00-16:00Please schedule an appointment for a meeting or consultation. Tallinn office Address: P\u00e4rnu mnt 142, TallinnWe are located on the 2nd floorOpening hours: Please schedule an appointment for a meeting or consultation. Phone: +372 5348 3252E-mail: &hellip; <a href=\"https:\/\/loode-eesti.metsauhistu.ee\/en\/contacts\/\">J\u00e4tkub<\/a><\/p>\n","protected":false},"author":1,"featured_media":0,"parent":0,"menu_order":27,"comment_status":"open","ping_status":"open","template":"template-custom.php","meta":{"inline_featured_image":false,"_lmt_disableupdate":"no","_lmt_disable":"","_themeisle_gutenberg_block_has_review":false,"footnotes":""},"class_list":["post-20211","page","type-page","status-publish","hentry"],"acf":{"post_custom_id":"","image":false,"peida_otsingus":false},"yoast_head":"<!-- This site is optimized with the Yoast SEO plugin v23.3 - https:\/\/yoast.com\/wordpress\/plugins\/seo\/ -->\n<title>Get in touch - Loode-Eesti Metsa\u00fchistu<\/title>\n<meta name=\"description\" content=\"Contact us. Loode-Eesti Metsa\u00fchistu consultants and forestry specialists provide advice and assist in organizing forest work.\" \/>\n<meta name=\"robots\" content=\"index, follow, max-snippet:-1, max-image-preview:large, max-video-preview:-1\" \/>\n<link rel=\"canonical\" href=\"https:\/\/loode-eesti.metsauhistu.ee\/en\/contacts\/\" \/>\n<meta property=\"og:locale\" content=\"en_US\" \/>\n<meta property=\"og:type\" content=\"article\" \/>\n<meta property=\"og:title\" content=\"Get in Touch I Loode-Eesti Metsa\u00fchistu\" \/>\n<meta property=\"og:description\" content=\"Contact us. Loode-Eesti Metsa\u00fchistu consultants and forestry specialists provide advice and assist in organizing forest work.\" \/>\n<meta property=\"og:url\" content=\"https:\/\/loode-eesti.metsauhistu.ee\/en\/contacts\/\" \/>\n<meta property=\"og:site_name\" content=\"Loode-Eesti Metsa\u00fchistu\" \/>\n<meta property=\"article:publisher\" content=\"https:\/\/www.facebook.com\/laanemaametsauhistu\" \/>\n<meta property=\"article:modified_time\" content=\"2025-11-11T03:37:31+00:00\" \/>\n<meta property=\"og:image\" content=\"https:\/\/loode-eesti.metsauhistu.ee\/wp-content\/uploads\/sites\/13\/2025\/02\/loode-eesti-metsauhistu-miks-liituda.jpg\" \/>\n\t<meta property=\"og:image:width\" content=\"1200\" \/>\n\t<meta property=\"og:image:height\" content=\"799\" \/>\n\t<meta property=\"og:image:type\" content=\"image\/jpeg\" \/>\n<meta name=\"twitter:card\" content=\"summary_large_image\" \/>\n<meta name=\"twitter:title\" content=\"Get in Touch I Loode-Eesti Metsa\u00fchistu\" \/>\n<meta name=\"twitter:description\" content=\"Contact us. Loode-Eesti Metsa\u00fchistu consultants and forestry specialists provide advice and assist in organizing forest work.\" \/>\n<meta name=\"twitter:image\" content=\"https:\/\/loode-eesti.metsauhistu.ee\/wp-content\/uploads\/sites\/13\/2025\/02\/loode-eesti-metsauhistu-miks-liituda.jpg\" \/>\n<meta name=\"twitter:label1\" content=\"Est. reading time\" \/>\n\t<meta name=\"twitter:data1\" content=\"2 minutes\" \/>\n<script type=\"application\/ld+json\" class=\"yoast-schema-graph\">{\"@context\":\"https:\/\/schema.org\",\"@graph\":[{\"@type\":\"WebPage\",\"@id\":\"https:\/\/loode-eesti.metsauhistu.ee\/en\/contacts\/\",\"url\":\"https:\/\/loode-eesti.metsauhistu.ee\/en\/contacts\/\",\"name\":\"Get in touch - Loode-Eesti Metsa\u00fchistu\",\"isPartOf\":{\"@id\":\"https:\/\/loode-eesti.metsauhistu.ee\/en\/#website\"},\"primaryImageOfPage\":{\"@id\":\"https:\/\/loode-eesti.metsauhistu.ee\/en\/contacts\/#primaryimage\"},\"image\":{\"@id\":\"https:\/\/loode-eesti.metsauhistu.ee\/en\/contacts\/#primaryimage\"},\"thumbnailUrl\":\"https:\/\/loode-eesti.metsauhistu.ee\/wp-content\/uploads\/sites\/13\/2025\/05\/Loode-eesti-metsauhist-logo-1-1.svg\",\"datePublished\":\"2013-10-16T12:05:38+00:00\",\"dateModified\":\"2025-11-11T03:37:31+00:00\",\"description\":\"Contact us. Loode-Eesti Metsa\u00fchistu consultants and forestry specialists provide advice and assist in organizing forest work.\",\"breadcrumb\":{\"@id\":\"https:\/\/loode-eesti.metsauhistu.ee\/en\/contacts\/#breadcrumb\"},\"inLanguage\":\"en-US\",\"potentialAction\":[{\"@type\":\"ReadAction\",\"target\":[\"https:\/\/loode-eesti.metsauhistu.ee\/en\/contacts\/\"]}]},{\"@type\":\"ImageObject\",\"inLanguage\":\"en-US\",\"@id\":\"https:\/\/loode-eesti.metsauhistu.ee\/en\/contacts\/#primaryimage\",\"url\":\"https:\/\/loode-eesti.metsauhistu.ee\/wp-content\/uploads\/sites\/13\/2025\/05\/Loode-eesti-metsauhist-logo-1-1.svg\",\"contentUrl\":\"https:\/\/loode-eesti.metsauhistu.ee\/wp-content\/uploads\/sites\/13\/2025\/05\/Loode-eesti-metsauhist-logo-1-1.svg\"},{\"@type\":\"BreadcrumbList\",\"@id\":\"https:\/\/loode-eesti.metsauhistu.ee\/en\/contacts\/#breadcrumb\",\"itemListElement\":[{\"@type\":\"ListItem\",\"position\":1,\"name\":\"Home\",\"item\":\"https:\/\/loode-eesti.metsauhistu.ee\/en\/\"},{\"@type\":\"ListItem\",\"position\":2,\"name\":\"Get in touch\"}]},{\"@type\":\"WebSite\",\"@id\":\"https:\/\/loode-eesti.metsauhistu.ee\/en\/#website\",\"url\":\"https:\/\/loode-eesti.metsauhistu.ee\/en\/\",\"name\":\"L\u00e4\u00e4nemaa Metsa\u00fchistu\",\"description\":\"Majandame metsa \u00fcheskoos vastutustundlikult\",\"publisher\":{\"@id\":\"https:\/\/loode-eesti.metsauhistu.ee\/en\/#organization\"},\"potentialAction\":[{\"@type\":\"SearchAction\",\"target\":{\"@type\":\"EntryPoint\",\"urlTemplate\":\"https:\/\/loode-eesti.metsauhistu.ee\/en\/?s={search_term_string}\"},\"query-input\":\"required name=search_term_string\"}],\"inLanguage\":\"en-US\"},{\"@type\":\"Organization\",\"@id\":\"https:\/\/loode-eesti.metsauhistu.ee\/en\/#organization\",\"name\":\"L\u00e4\u00e4nemaa Metsa\u00fchistu\",\"url\":\"https:\/\/loode-eesti.metsauhistu.ee\/en\/\",\"logo\":{\"@type\":\"ImageObject\",\"inLanguage\":\"en-US\",\"@id\":\"https:\/\/loode-eesti.metsauhistu.ee\/en\/#\/schema\/logo\/image\/\",\"url\":\"https:\/\/loode-eesti.metsauhistu.ee\/wp-content\/uploads\/sites\/13\/2024\/07\/MU_Laanemaa_logo_colour-1.png\",\"contentUrl\":\"https:\/\/loode-eesti.metsauhistu.ee\/wp-content\/uploads\/sites\/13\/2024\/07\/MU_Laanemaa_logo_colour-1.png\",\"width\":995,\"height\":195,\"caption\":\"L\u00e4\u00e4nemaa Metsa\u00fchistu\"},\"image\":{\"@id\":\"https:\/\/loode-eesti.metsauhistu.ee\/en\/#\/schema\/logo\/image\/\"},\"sameAs\":[\"https:\/\/www.facebook.com\/laanemaametsauhistu\",\"https:\/\/instagram.com\/metsauhistu\",\"https:\/\/www.youtube.com\/@metsauhistu6878\"]}]}<\/script>\n<!-- \/ Yoast SEO plugin. -->","yoast_head_json":{"title":"Get in touch - Loode-Eesti Metsa\u00fchistu","description":"Contact us. Loode-Eesti Metsa\u00fchistu consultants and forestry specialists provide advice and assist in organizing forest work.","robots":{"index":"index","follow":"follow","max-snippet":"max-snippet:-1","max-image-preview":"max-image-preview:large","max-video-preview":"max-video-preview:-1"},"canonical":"https:\/\/loode-eesti.metsauhistu.ee\/en\/contacts\/","og_locale":"en_US","og_type":"article","og_title":"Get in Touch I Loode-Eesti Metsa\u00fchistu","og_description":"Contact us. Loode-Eesti Metsa\u00fchistu consultants and forestry specialists provide advice and assist in organizing forest work.","og_url":"https:\/\/loode-eesti.metsauhistu.ee\/en\/contacts\/","og_site_name":"Loode-Eesti Metsa\u00fchistu","article_publisher":"https:\/\/www.facebook.com\/laanemaametsauhistu","article_modified_time":"2025-11-11T03:37:31+00:00","og_image":[{"width":1200,"height":799,"url":"https:\/\/loode-eesti.metsauhistu.ee\/wp-content\/uploads\/sites\/13\/2025\/02\/loode-eesti-metsauhistu-miks-liituda.jpg","type":"image\/jpeg"}],"twitter_card":"summary_large_image","twitter_title":"Get in Touch I Loode-Eesti Metsa\u00fchistu","twitter_description":"Contact us. Loode-Eesti Metsa\u00fchistu consultants and forestry specialists provide advice and assist in organizing forest work.","twitter_image":"https:\/\/loode-eesti.metsauhistu.ee\/wp-content\/uploads\/sites\/13\/2025\/02\/loode-eesti-metsauhistu-miks-liituda.jpg","twitter_misc":{"Est. reading time":"2 minutes"},"schema":{"@context":"https:\/\/schema.org","@graph":[{"@type":"WebPage","@id":"https:\/\/loode-eesti.metsauhistu.ee\/en\/contacts\/","url":"https:\/\/loode-eesti.metsauhistu.ee\/en\/contacts\/","name":"Get in touch - Loode-Eesti Metsa\u00fchistu","isPartOf":{"@id":"https:\/\/loode-eesti.metsauhistu.ee\/en\/#website"},"primaryImageOfPage":{"@id":"https:\/\/loode-eesti.metsauhistu.ee\/en\/contacts\/#primaryimage"},"image":{"@id":"https:\/\/loode-eesti.metsauhistu.ee\/en\/contacts\/#primaryimage"},"thumbnailUrl":"https:\/\/loode-eesti.metsauhistu.ee\/wp-content\/uploads\/sites\/13\/2025\/05\/Loode-eesti-metsauhist-logo-1-1.svg","datePublished":"2013-10-16T12:05:38+00:00","dateModified":"2025-11-11T03:37:31+00:00","description":"Contact us. Loode-Eesti Metsa\u00fchistu consultants and forestry specialists provide advice and assist in organizing forest work.","breadcrumb":{"@id":"https:\/\/loode-eesti.metsauhistu.ee\/en\/contacts\/#breadcrumb"},"inLanguage":"en-US","potentialAction":[{"@type":"ReadAction","target":["https:\/\/loode-eesti.metsauhistu.ee\/en\/contacts\/"]}]},{"@type":"ImageObject","inLanguage":"en-US","@id":"https:\/\/loode-eesti.metsauhistu.ee\/en\/contacts\/#primaryimage","url":"https:\/\/loode-eesti.metsauhistu.ee\/wp-content\/uploads\/sites\/13\/2025\/05\/Loode-eesti-metsauhist-logo-1-1.svg","contentUrl":"https:\/\/loode-eesti.metsauhistu.ee\/wp-content\/uploads\/sites\/13\/2025\/05\/Loode-eesti-metsauhist-logo-1-1.svg"},{"@type":"BreadcrumbList","@id":"https:\/\/loode-eesti.metsauhistu.ee\/en\/contacts\/#breadcrumb","itemListElement":[{"@type":"ListItem","position":1,"name":"Home","item":"https:\/\/loode-eesti.metsauhistu.ee\/en\/"},{"@type":"ListItem","position":2,"name":"Get in touch"}]},{"@type":"WebSite","@id":"https:\/\/loode-eesti.metsauhistu.ee\/en\/#website","url":"https:\/\/loode-eesti.metsauhistu.ee\/en\/","name":"L\u00e4\u00e4nemaa Metsa\u00fchistu","description":"Majandame metsa \u00fcheskoos vastutustundlikult","publisher":{"@id":"https:\/\/loode-eesti.metsauhistu.ee\/en\/#organization"},"potentialAction":[{"@type":"SearchAction","target":{"@type":"EntryPoint","urlTemplate":"https:\/\/loode-eesti.metsauhistu.ee\/en\/?s={search_term_string}"},"query-input":"required name=search_term_string"}],"inLanguage":"en-US"},{"@type":"Organization","@id":"https:\/\/loode-eesti.metsauhistu.ee\/en\/#organization","name":"L\u00e4\u00e4nemaa Metsa\u00fchistu","url":"https:\/\/loode-eesti.metsauhistu.ee\/en\/","logo":{"@type":"ImageObject","inLanguage":"en-US","@id":"https:\/\/loode-eesti.metsauhistu.ee\/en\/#\/schema\/logo\/image\/","url":"https:\/\/loode-eesti.metsauhistu.ee\/wp-content\/uploads\/sites\/13\/2024\/07\/MU_Laanemaa_logo_colour-1.png","contentUrl":"https:\/\/loode-eesti.metsauhistu.ee\/wp-content\/uploads\/sites\/13\/2024\/07\/MU_Laanemaa_logo_colour-1.png","width":995,"height":195,"caption":"L\u00e4\u00e4nemaa Metsa\u00fchistu"},"image":{"@id":"https:\/\/loode-eesti.metsauhistu.ee\/en\/#\/schema\/logo\/image\/"},"sameAs":["https:\/\/www.facebook.com\/laanemaametsauhistu","https:\/\/instagram.com\/metsauhistu","https:\/\/www.youtube.com\/@metsauhistu6878"]}]}},"publishpress_future_action":{"enabled":false,"date":"2026-04-20 15:32:30","action":"change-status","newStatus":"draft","terms":[],"taxonomy":"translation_priority"},"_links":{"self":[{"href":"https:\/\/loode-eesti.metsauhistu.ee\/en\/wp-json\/wp\/v2\/pages\/20211"}],"collection":[{"href":"https:\/\/loode-eesti.metsauhistu.ee\/en\/wp-json\/wp\/v2\/pages"}],"about":[{"href":"https:\/\/loode-eesti.metsauhistu.ee\/en\/wp-json\/wp\/v2\/types\/page"}],"author":[{"embeddable":true,"href":"https:\/\/loode-eesti.metsauhistu.ee\/en\/wp-json\/wp\/v2\/users\/1"}],"replies":[{"embeddable":true,"href":"https:\/\/loode-eesti.metsauhistu.ee\/en\/wp-json\/wp\/v2\/comments?post=20211"}],"version-history":[{"count":17,"href":"https:\/\/loode-eesti.metsauhistu.ee\/en\/wp-json\/wp\/v2\/pages\/20211\/revisions"}],"predecessor-version":[{"id":21432,"href":"https:\/\/loode-eesti.metsauhistu.ee\/en\/wp-json\/wp\/v2\/pages\/20211\/revisions\/21432"}],"wp:attachment":[{"href":"https:\/\/loode-eesti.metsauhistu.ee\/en\/wp-json\/wp\/v2\/media?parent=20211"}],"curies":[{"name":"wp","href":"https:\/\/api.w.org\/{rel}","templated":true}]}}