{"id":20207,"date":"2020-08-12T09:07:00","date_gmt":"2020-08-12T07:07:00","guid":{"rendered":"https:\/\/loode-eesti.metsauhistu.ee\/tutvustus\/"},"modified":"2026-01-09T03:43:10","modified_gmt":"2026-01-09T01:43:10","slug":"about-us","status":"publish","type":"page","link":"https:\/\/loode-eesti.metsauhistu.ee\/en\/about-us\/","title":{"rendered":"About Us"},"content":{"rendered":"\n<div style=\"height:34px\" aria-hidden=\"true\" class=\"wp-block-spacer\"><\/div>\n\n\n\n<div class=\"wp-block-group text-left-img-right\"><div class=\"wp-block-group__inner-container is-layout-flow wp-block-group-is-layout-flow\">\n<div class=\"wp-block-columns is-layout-flex wp-container-core-columns-is-layout-1 wp-block-columns-is-layout-flex\">\n<div class=\"wp-block-column is-layout-flow wp-block-column-is-layout-flow\">\n<h2 class=\"wp-block-heading text-left-img-right\">Loode-Eesti Metsa\u00fchistu<\/h2>\n\n\n\n<p>Loode-Eesti Metsa\u00fchistu was established in 2025 through the merger of L\u00e4\u00e4nemaa Metsa\u00fchistu and Arved Viirlaiu P\u00f5hja-Eesti Metsa\u00fchistu. As a result of this union, it became one of the largest forest association in Estonia, with nearly 1,500 members. Loode-Eesti Metsa\u00fchistu combines the 21 years of experience of P\u00f5hja-Eesti Metsa\u00fchistu and the 15 years of expertise of L\u00e4\u00e4nemaa Metsa\u00fchistu, bringing together knowledge and best practices in sustainable forest management.<\/p>\n\n\n\n<p>What sets Loode-Eesti Metsa\u00fchistu apart is its diverse membership. A significant number of our members are of Swedish origin, as many descendants of the historical coastal Swedes still live in L\u00e4\u00e4nemaa. Because of this, English is also one of our working languages. Additionally, many of our members are forest owners living in Tallinn, with their forests located in Northern Estonia.<\/p>\n\n\n\n<p>Today, the association has nearly 1,500 members who collectively own more than 35,000 hectares of forest land. We offer our members a full range of forest management services, helping them manage their forests sustainably and profitably.<\/p>\n<\/div>\n\n\n\n<div class=\"wp-block-column is-vertically-aligned-center is-layout-flow wp-block-column-is-layout-flow\">\n<figure class=\"wp-block-image size-large\"><img loading=\"lazy\" decoding=\"async\" width=\"1024\" height=\"669\" src=\"https:\/\/loode-eesti.metsauhistu.ee\/wp-content\/uploads\/sites\/13\/2025\/04\/loode-eesti-metsauhistu-kaart-1210x790-1-1024x669.png\" alt=\"Loode-Eesti Metsa\u00fchistu\" class=\"wp-image-21176\" srcset=\"https:\/\/loode-eesti.metsauhistu.ee\/wp-content\/uploads\/sites\/13\/2025\/04\/loode-eesti-metsauhistu-kaart-1210x790-1-1024x669.png 1024w, https:\/\/loode-eesti.metsauhistu.ee\/wp-content\/uploads\/sites\/13\/2025\/04\/loode-eesti-metsauhistu-kaart-1210x790-1-300x196.png 300w, https:\/\/loode-eesti.metsauhistu.ee\/wp-content\/uploads\/sites\/13\/2025\/04\/loode-eesti-metsauhistu-kaart-1210x790-1-768x501.png 768w, https:\/\/loode-eesti.metsauhistu.ee\/wp-content\/uploads\/sites\/13\/2025\/04\/loode-eesti-metsauhistu-kaart-1210x790-1.png 1210w\" sizes=\"(max-width: 1024px) 100vw, 1024px\" \/><\/figure>\n<\/div>\n<\/div>\n<\/div><\/div>\n\n\n\n\n<div class=\"arvud alignfull\">\n\n    <div class=\"inner flex-wrap\">\n\t                <h2>The Largest Forest Ownsers Association in Estonia by Membership<\/h2>\n\t    \n\t                <div class=\"desc\">At the beginning of 2025, when we started operating as Loode-Eesti Metsa\u00fchistu, 1 486 forest owners had already joined us. We are excited to see how, by working together, our association\u2019s membership and forest land will continue to grow. <br><br><br><\/div>\n\t    \n        <div class=\"data-list\">\n\t\t\n\n\n\t\t\t\n                <div class=\"item\">\n\n\t\t\t\t\t<img loading=\"lazy\" decoding=\"async\" width=\"33\" height=\"64\" src=\"https:\/\/loode-eesti.metsauhistu.ee\/wp-content\/uploads\/sites\/13\/2020\/08\/liikmete-arv-puu1.png\" class=\"attachment-full size-full\" alt=\"L\u00e4\u00e4nemaa Metsa\u00fchistu liikmete arv\" \/>\n\n\t\t\t\t\t                        <div class=\"aasta\">\n\t\t\t\t\t\t\t2025                        <\/div>\n\n\t\t\t\t\t\n\t\t\t\t\t                        <div class=\"liikmed\">\n\t\t\t\t\t\t\t1 486 members                        <\/div>\n\n\t\t\t\t\t\n\t\t\t\t\t                        <div class=\"hektarid\">\n\t\t\t\t\t\t\t35 259 ha                        <\/div>\n\n\t\t\t\t\t\n                <\/div>\n\t\t\t\t\t        <\/div>\n    <\/div>\n<\/div>\n\n\n\n<div class=\"wp-block-cover alignfull is-light no-mt\" style=\"min-height:547px;aspect-ratio:unset;\"><span aria-hidden=\"true\" class=\"wp-block-cover__background has-background-dim-0 has-background-dim\"><\/span><img loading=\"lazy\" decoding=\"async\" width=\"1400\" height=\"605\" class=\"wp-block-cover__image-background wp-image-18332\" alt=\"\" src=\"http:\/\/metsauhistu.ee\/wp-content\/uploads\/2020\/06\/esi.jpg\" data-object-fit=\"cover\" srcset=\"https:\/\/loode-eesti.metsauhistu.ee\/wp-content\/uploads\/sites\/13\/2020\/06\/esi.jpg 1400w, https:\/\/loode-eesti.metsauhistu.ee\/wp-content\/uploads\/sites\/13\/2020\/06\/esi-300x130.jpg 300w, https:\/\/loode-eesti.metsauhistu.ee\/wp-content\/uploads\/sites\/13\/2020\/06\/esi-1024x443.jpg 1024w, https:\/\/loode-eesti.metsauhistu.ee\/wp-content\/uploads\/sites\/13\/2020\/06\/esi-768x332.jpg 768w\" sizes=\"(max-width: 1400px) 100vw, 1400px\" \/><div class=\"wp-block-cover__inner-container is-layout-flow wp-block-cover-is-layout-flow\">\n<h2 class=\"wp-block-heading has-text-align-center has-white-color has-text-color\" id=\"tutvustus\">Join Loode-Eesti Metsa\u00fchistu!<\/h2>\n\n\n\n<p class=\"has-text-align-center has-white-color has-text-color\">Whether your forest is big or small, by the sea or in a primeval forest \u2013 we welcome everyone. <br>We know Western and Northern Estonia and its surroundings the best and know the local characteristics.<\/p>\n\n\n\n<p class=\"has-text-align-center has-white-color has-text-color\"><strong><span style=\"text-decoration: underline;\"><a href=\"https:\/\/loode-eesti.metsauhistu.ee\/en\/why-join-metsauhistu\/\">7 reasons why You should join Metsa\u00fchistu<\/a><\/span><\/strong>. See also our <strong><a href=\"https:\/\/loode-eesti.metsauhistu.ee\/wp-content\/uploads\/sites\/13\/2026\/01\/Loode-Eesti_Metsauhistu-pohikiri-2025.pdf\" target=\"_blank\" rel=\"noreferrer noopener\"><span style=\"text-decoration: underline;\">articles of association (pdf)<\/span><\/a><\/strong>.<\/p>\n\n\n\n<div style=\"height:27px\" aria-hidden=\"true\" class=\"wp-block-spacer\"><\/div>\n\n\n\n<h3 class=\"wp-block-heading has-text-align-center has-white-color has-text-color\"><strong>Membership fee<\/strong><\/h3>\n\n\n\n<p class=\"has-text-align-center has-white-color has-text-color\">Admission fee \u20ac0 <br>Annual fee \u20ac20<\/p>\n\n\n\n<div style=\"height:27px\" aria-hidden=\"true\" class=\"wp-block-spacer\"><\/div>\n\n\n\n<h3 class=\"wp-block-heading has-text-align-center has-white-color has-text-color\"><strong>Join<\/strong><\/h3>\n\n\n\n<p class=\"has-text-align-center has-white-color has-text-color\">Download the application form below, fill it in, sign it and send it by post to our office at <br>Loode-Eesti Metsa\u00fchistu<br>Tallinna mnt 78 Uuem\u00f5isa 90401<br>Haapsalu, Estonia<\/p>\n\n\n\n<p class=\"has-text-align-center has-white-color has-text-color\"><strong>Download the application<\/strong><\/p>\n\n\n\n<div class=\"wp-block-buttons is-content-justification-center is-layout-flex wp-container-core-buttons-is-layout-1 wp-block-buttons-is-layout-flex\">\n<div class=\"wp-block-button\"><a class=\"wp-block-button__link has-white-color has-brand-third-background-color has-text-color has-background wp-element-button\" href=\"https:\/\/loode-eesti.metsauhistu.ee\/wp-content\/uploads\/sites\/13\/2025\/03\/Liitumisavaldus-Loode-Eesti-Metsauhistu-fuusiline-isik-EN.pdf.pdf\" target=\"_blank\" rel=\"noreferrer noopener\">Application for natural person<\/a><\/div>\n\n\n\n<div class=\"wp-block-button is-style-fill\"><a class=\"wp-block-button__link has-white-color has-brand-third-background-color has-text-color has-background wp-element-button\" href=\"https:\/\/loode-eesti.metsauhistu.ee\/wp-content\/uploads\/sites\/13\/2025\/03\/Liitumisavaldus-Loode-Eesti-Metsauhistu-juriidiline-isik-EN.pdf\" target=\"_blank\" rel=\"noreferrer noopener\">Application for legal person<\/a><\/div>\n<\/div>\n\n\n\n<p><\/p>\n<\/div><\/div>\n\n\n\n<div class=\"wp-block-group alignfull group-padding ddd has-white-background-color has-background\"><div class=\"wp-block-group__inner-container is-layout-flow wp-block-group-is-layout-flow\">\n<div class=\"wp-block-columns is-layout-flex wp-container-core-columns-is-layout-2 wp-block-columns-is-layout-flex\">\n<div class=\"wp-block-column is-layout-flow wp-block-column-is-layout-flow\">\n<figure class=\"wp-block-image size-full\"><img loading=\"lazy\" decoding=\"async\" width=\"1024\" height=\"731\" src=\"https:\/\/loode-eesti.metsauhistu.ee\/wp-content\/uploads\/sites\/13\/2024\/03\/fsc-sertifikaat-metsauhistu-1024x731-1.jpg\" alt=\"FSC Certification. Metsa\u00fchistu\" class=\"wp-image-20648\" srcset=\"https:\/\/loode-eesti.metsauhistu.ee\/wp-content\/uploads\/sites\/13\/2024\/03\/fsc-sertifikaat-metsauhistu-1024x731-1.jpg 1024w, https:\/\/loode-eesti.metsauhistu.ee\/wp-content\/uploads\/sites\/13\/2024\/03\/fsc-sertifikaat-metsauhistu-1024x731-1-300x214.jpg 300w, https:\/\/loode-eesti.metsauhistu.ee\/wp-content\/uploads\/sites\/13\/2024\/03\/fsc-sertifikaat-metsauhistu-1024x731-1-768x548.jpg 768w\" sizes=\"(max-width: 1024px) 100vw, 1024px\" \/><\/figure>\n<\/div>\n\n\n\n<div class=\"wp-block-column is-vertically-aligned-center m-l-50 is-layout-flow wp-block-column-is-layout-flow\">\n<h2 class=\"wp-block-heading\">FSC Certification<\/h2>\n\n\n\n<p>Since 16.10.2013, the Central Cooperative of Private Forests has been managing the FSC forest certification.<\/p>\n\n\n\n<p>The FSC certificate ensures that raw materials are separated from non-certified and uncontrolled forest material throughout the supply chain, making it possible to determine the origin of the material and trace it to the final product.<\/p>\n\n\n\n<div style=\"height:20px\" aria-hidden=\"true\" class=\"wp-block-spacer\"><\/div>\n<\/div>\n<\/div>\n<\/div><\/div>\n","protected":false},"excerpt":{"rendered":"<p>Loode-Eesti Metsa\u00fchistu Loode-Eesti Metsa\u00fchistu was established in 2025 through the merger of L\u00e4\u00e4nemaa Metsa\u00fchistu and Arved Viirlaiu P\u00f5hja-Eesti Metsa\u00fchistu. As a result of this union, it became one of the largest forest association in Estonia, with nearly 1,500 members. Loode-Eesti Metsa\u00fchistu combines the 21 years of experience of P\u00f5hja-Eesti Metsa\u00fchistu and the 15 years of &hellip; <a href=\"https:\/\/loode-eesti.metsauhistu.ee\/en\/about-us\/\">J\u00e4tkub<\/a><\/p>\n","protected":false},"author":1,"featured_media":0,"parent":0,"menu_order":0,"comment_status":"closed","ping_status":"closed","template":"full-width.php","meta":{"inline_featured_image":false,"_lmt_disableupdate":"no","_lmt_disable":"","_themeisle_gutenberg_block_has_review":false,"footnotes":""},"class_list":["post-20207","page","type-page","status-publish","hentry"],"acf":{"post_custom_id":"","image":false,"peida_otsingus":false},"yoast_head":"<!-- This site is optimized with the Yoast SEO plugin v23.3 - https:\/\/yoast.com\/wordpress\/plugins\/seo\/ -->\n<title>About Us - Loode-Eesti Metsa\u00fchistu<\/title>\n<meta name=\"description\" content=\"Loode-Eesti Metsa\u00fchistu combines the 21 years of experience of P\u00f5hja-Eesti and the 15 years of expertise of L\u00e4\u00e4nemaa Metsa\u00fchistu.\" \/>\n<meta name=\"robots\" content=\"index, follow, max-snippet:-1, max-image-preview:large, max-video-preview:-1\" \/>\n<link rel=\"canonical\" href=\"https:\/\/loode-eesti.metsauhistu.ee\/en\/about-us\/\" \/>\n<meta property=\"og:locale\" content=\"en_US\" \/>\n<meta property=\"og:type\" content=\"article\" \/>\n<meta property=\"og:title\" content=\"About Us I Loode-Eesti Metsa\u00fchistu\" \/>\n<meta property=\"og:description\" content=\"Loode-Eesti Metsa\u00fchistu combines the 21 years of experience of P\u00f5hja-Eesti and the 15 years of expertise of L\u00e4\u00e4nemaa Metsa\u00fchistu.\" \/>\n<meta property=\"og:url\" content=\"https:\/\/loode-eesti.metsauhistu.ee\/en\/about-us\/\" \/>\n<meta property=\"og:site_name\" content=\"Loode-Eesti Metsa\u00fchistu\" \/>\n<meta property=\"article:publisher\" content=\"https:\/\/www.facebook.com\/laanemaametsauhistu\" \/>\n<meta property=\"article:modified_time\" content=\"2026-01-09T01:43:10+00:00\" \/>\n<meta property=\"og:image\" content=\"https:\/\/loode-eesti.metsauhistu.ee\/wp-content\/uploads\/sites\/13\/2025\/02\/loode-eesti-metsauhistu-miks-liituda.jpg\" \/>\n\t<meta property=\"og:image:width\" content=\"1200\" \/>\n\t<meta property=\"og:image:height\" content=\"799\" \/>\n\t<meta property=\"og:image:type\" content=\"image\/jpeg\" \/>\n<meta name=\"twitter:card\" content=\"summary_large_image\" \/>\n<meta name=\"twitter:title\" content=\"About Us I Loode-Eesti Metsa\u00fchistu\" \/>\n<meta name=\"twitter:description\" content=\"Loode-Eesti Metsa\u00fchistu combines the 21 years of experience of P\u00f5hja-Eesti and the 15 years of expertise of L\u00e4\u00e4nemaa Metsa\u00fchistu.\" \/>\n<meta name=\"twitter:image\" content=\"https:\/\/loode-eesti.metsauhistu.ee\/wp-content\/uploads\/sites\/13\/2025\/02\/loode-eesti-metsauhistu-miks-liituda.jpg\" \/>\n<meta name=\"twitter:label1\" content=\"Est. reading time\" \/>\n\t<meta name=\"twitter:data1\" content=\"3 minutes\" \/>\n<script type=\"application\/ld+json\" class=\"yoast-schema-graph\">{\"@context\":\"https:\/\/schema.org\",\"@graph\":[{\"@type\":\"WebPage\",\"@id\":\"https:\/\/loode-eesti.metsauhistu.ee\/en\/about-us\/\",\"url\":\"https:\/\/loode-eesti.metsauhistu.ee\/en\/about-us\/\",\"name\":\"About Us - Loode-Eesti Metsa\u00fchistu\",\"isPartOf\":{\"@id\":\"https:\/\/loode-eesti.metsauhistu.ee\/en\/#website\"},\"primaryImageOfPage\":{\"@id\":\"https:\/\/loode-eesti.metsauhistu.ee\/en\/about-us\/#primaryimage\"},\"image\":{\"@id\":\"https:\/\/loode-eesti.metsauhistu.ee\/en\/about-us\/#primaryimage\"},\"thumbnailUrl\":\"https:\/\/loode-eesti.metsauhistu.ee\/wp-content\/uploads\/sites\/13\/2025\/04\/loode-eesti-metsauhistu-kaart-1210x790-1-1024x669.png\",\"datePublished\":\"2020-08-12T07:07:00+00:00\",\"dateModified\":\"2026-01-09T01:43:10+00:00\",\"description\":\"Loode-Eesti Metsa\u00fchistu combines the 21 years of experience of P\u00f5hja-Eesti and the 15 years of expertise of L\u00e4\u00e4nemaa Metsa\u00fchistu.\",\"breadcrumb\":{\"@id\":\"https:\/\/loode-eesti.metsauhistu.ee\/en\/about-us\/#breadcrumb\"},\"inLanguage\":\"en-US\",\"potentialAction\":[{\"@type\":\"ReadAction\",\"target\":[\"https:\/\/loode-eesti.metsauhistu.ee\/en\/about-us\/\"]}]},{\"@type\":\"ImageObject\",\"inLanguage\":\"en-US\",\"@id\":\"https:\/\/loode-eesti.metsauhistu.ee\/en\/about-us\/#primaryimage\",\"url\":\"https:\/\/loode-eesti.metsauhistu.ee\/wp-content\/uploads\/sites\/13\/2025\/04\/loode-eesti-metsauhistu-kaart-1210x790-1-1024x669.png\",\"contentUrl\":\"https:\/\/loode-eesti.metsauhistu.ee\/wp-content\/uploads\/sites\/13\/2025\/04\/loode-eesti-metsauhistu-kaart-1210x790-1-1024x669.png\"},{\"@type\":\"BreadcrumbList\",\"@id\":\"https:\/\/loode-eesti.metsauhistu.ee\/en\/about-us\/#breadcrumb\",\"itemListElement\":[{\"@type\":\"ListItem\",\"position\":1,\"name\":\"Home\",\"item\":\"https:\/\/loode-eesti.metsauhistu.ee\/en\/\"},{\"@type\":\"ListItem\",\"position\":2,\"name\":\"About Us\"}]},{\"@type\":\"WebSite\",\"@id\":\"https:\/\/loode-eesti.metsauhistu.ee\/en\/#website\",\"url\":\"https:\/\/loode-eesti.metsauhistu.ee\/en\/\",\"name\":\"L\u00e4\u00e4nemaa Metsa\u00fchistu\",\"description\":\"Majandame metsa \u00fcheskoos vastutustundlikult\",\"publisher\":{\"@id\":\"https:\/\/loode-eesti.metsauhistu.ee\/en\/#organization\"},\"potentialAction\":[{\"@type\":\"SearchAction\",\"target\":{\"@type\":\"EntryPoint\",\"urlTemplate\":\"https:\/\/loode-eesti.metsauhistu.ee\/en\/?s={search_term_string}\"},\"query-input\":\"required name=search_term_string\"}],\"inLanguage\":\"en-US\"},{\"@type\":\"Organization\",\"@id\":\"https:\/\/loode-eesti.metsauhistu.ee\/en\/#organization\",\"name\":\"L\u00e4\u00e4nemaa Metsa\u00fchistu\",\"url\":\"https:\/\/loode-eesti.metsauhistu.ee\/en\/\",\"logo\":{\"@type\":\"ImageObject\",\"inLanguage\":\"en-US\",\"@id\":\"https:\/\/loode-eesti.metsauhistu.ee\/en\/#\/schema\/logo\/image\/\",\"url\":\"https:\/\/loode-eesti.metsauhistu.ee\/wp-content\/uploads\/sites\/13\/2024\/07\/MU_Laanemaa_logo_colour-1.png\",\"contentUrl\":\"https:\/\/loode-eesti.metsauhistu.ee\/wp-content\/uploads\/sites\/13\/2024\/07\/MU_Laanemaa_logo_colour-1.png\",\"width\":995,\"height\":195,\"caption\":\"L\u00e4\u00e4nemaa Metsa\u00fchistu\"},\"image\":{\"@id\":\"https:\/\/loode-eesti.metsauhistu.ee\/en\/#\/schema\/logo\/image\/\"},\"sameAs\":[\"https:\/\/www.facebook.com\/laanemaametsauhistu\",\"https:\/\/instagram.com\/metsauhistu\",\"https:\/\/www.youtube.com\/@metsauhistu6878\"]}]}<\/script>\n<!-- \/ Yoast SEO plugin. -->","yoast_head_json":{"title":"About Us - Loode-Eesti Metsa\u00fchistu","description":"Loode-Eesti Metsa\u00fchistu combines the 21 years of experience of P\u00f5hja-Eesti and the 15 years of expertise of L\u00e4\u00e4nemaa Metsa\u00fchistu.","robots":{"index":"index","follow":"follow","max-snippet":"max-snippet:-1","max-image-preview":"max-image-preview:large","max-video-preview":"max-video-preview:-1"},"canonical":"https:\/\/loode-eesti.metsauhistu.ee\/en\/about-us\/","og_locale":"en_US","og_type":"article","og_title":"About Us I Loode-Eesti Metsa\u00fchistu","og_description":"Loode-Eesti Metsa\u00fchistu combines the 21 years of experience of P\u00f5hja-Eesti and the 15 years of expertise of L\u00e4\u00e4nemaa Metsa\u00fchistu.","og_url":"https:\/\/loode-eesti.metsauhistu.ee\/en\/about-us\/","og_site_name":"Loode-Eesti Metsa\u00fchistu","article_publisher":"https:\/\/www.facebook.com\/laanemaametsauhistu","article_modified_time":"2026-01-09T01:43:10+00:00","og_image":[{"width":1200,"height":799,"url":"https:\/\/loode-eesti.metsauhistu.ee\/wp-content\/uploads\/sites\/13\/2025\/02\/loode-eesti-metsauhistu-miks-liituda.jpg","type":"image\/jpeg"}],"twitter_card":"summary_large_image","twitter_title":"About Us I Loode-Eesti Metsa\u00fchistu","twitter_description":"Loode-Eesti Metsa\u00fchistu combines the 21 years of experience of P\u00f5hja-Eesti and the 15 years of expertise of L\u00e4\u00e4nemaa Metsa\u00fchistu.","twitter_image":"https:\/\/loode-eesti.metsauhistu.ee\/wp-content\/uploads\/sites\/13\/2025\/02\/loode-eesti-metsauhistu-miks-liituda.jpg","twitter_misc":{"Est. reading time":"3 minutes"},"schema":{"@context":"https:\/\/schema.org","@graph":[{"@type":"WebPage","@id":"https:\/\/loode-eesti.metsauhistu.ee\/en\/about-us\/","url":"https:\/\/loode-eesti.metsauhistu.ee\/en\/about-us\/","name":"About Us - Loode-Eesti Metsa\u00fchistu","isPartOf":{"@id":"https:\/\/loode-eesti.metsauhistu.ee\/en\/#website"},"primaryImageOfPage":{"@id":"https:\/\/loode-eesti.metsauhistu.ee\/en\/about-us\/#primaryimage"},"image":{"@id":"https:\/\/loode-eesti.metsauhistu.ee\/en\/about-us\/#primaryimage"},"thumbnailUrl":"https:\/\/loode-eesti.metsauhistu.ee\/wp-content\/uploads\/sites\/13\/2025\/04\/loode-eesti-metsauhistu-kaart-1210x790-1-1024x669.png","datePublished":"2020-08-12T07:07:00+00:00","dateModified":"2026-01-09T01:43:10+00:00","description":"Loode-Eesti Metsa\u00fchistu combines the 21 years of experience of P\u00f5hja-Eesti and the 15 years of expertise of L\u00e4\u00e4nemaa Metsa\u00fchistu.","breadcrumb":{"@id":"https:\/\/loode-eesti.metsauhistu.ee\/en\/about-us\/#breadcrumb"},"inLanguage":"en-US","potentialAction":[{"@type":"ReadAction","target":["https:\/\/loode-eesti.metsauhistu.ee\/en\/about-us\/"]}]},{"@type":"ImageObject","inLanguage":"en-US","@id":"https:\/\/loode-eesti.metsauhistu.ee\/en\/about-us\/#primaryimage","url":"https:\/\/loode-eesti.metsauhistu.ee\/wp-content\/uploads\/sites\/13\/2025\/04\/loode-eesti-metsauhistu-kaart-1210x790-1-1024x669.png","contentUrl":"https:\/\/loode-eesti.metsauhistu.ee\/wp-content\/uploads\/sites\/13\/2025\/04\/loode-eesti-metsauhistu-kaart-1210x790-1-1024x669.png"},{"@type":"BreadcrumbList","@id":"https:\/\/loode-eesti.metsauhistu.ee\/en\/about-us\/#breadcrumb","itemListElement":[{"@type":"ListItem","position":1,"name":"Home","item":"https:\/\/loode-eesti.metsauhistu.ee\/en\/"},{"@type":"ListItem","position":2,"name":"About Us"}]},{"@type":"WebSite","@id":"https:\/\/loode-eesti.metsauhistu.ee\/en\/#website","url":"https:\/\/loode-eesti.metsauhistu.ee\/en\/","name":"L\u00e4\u00e4nemaa Metsa\u00fchistu","description":"Majandame metsa \u00fcheskoos vastutustundlikult","publisher":{"@id":"https:\/\/loode-eesti.metsauhistu.ee\/en\/#organization"},"potentialAction":[{"@type":"SearchAction","target":{"@type":"EntryPoint","urlTemplate":"https:\/\/loode-eesti.metsauhistu.ee\/en\/?s={search_term_string}"},"query-input":"required name=search_term_string"}],"inLanguage":"en-US"},{"@type":"Organization","@id":"https:\/\/loode-eesti.metsauhistu.ee\/en\/#organization","name":"L\u00e4\u00e4nemaa Metsa\u00fchistu","url":"https:\/\/loode-eesti.metsauhistu.ee\/en\/","logo":{"@type":"ImageObject","inLanguage":"en-US","@id":"https:\/\/loode-eesti.metsauhistu.ee\/en\/#\/schema\/logo\/image\/","url":"https:\/\/loode-eesti.metsauhistu.ee\/wp-content\/uploads\/sites\/13\/2024\/07\/MU_Laanemaa_logo_colour-1.png","contentUrl":"https:\/\/loode-eesti.metsauhistu.ee\/wp-content\/uploads\/sites\/13\/2024\/07\/MU_Laanemaa_logo_colour-1.png","width":995,"height":195,"caption":"L\u00e4\u00e4nemaa Metsa\u00fchistu"},"image":{"@id":"https:\/\/loode-eesti.metsauhistu.ee\/en\/#\/schema\/logo\/image\/"},"sameAs":["https:\/\/www.facebook.com\/laanemaametsauhistu","https:\/\/instagram.com\/metsauhistu","https:\/\/www.youtube.com\/@metsauhistu6878"]}]}},"publishpress_future_action":{"enabled":false,"date":"2026-04-20 14:05:58","action":"change-status","newStatus":"draft","terms":[],"taxonomy":"translation_priority"},"_links":{"self":[{"href":"https:\/\/loode-eesti.metsauhistu.ee\/en\/wp-json\/wp\/v2\/pages\/20207"}],"collection":[{"href":"https:\/\/loode-eesti.metsauhistu.ee\/en\/wp-json\/wp\/v2\/pages"}],"about":[{"href":"https:\/\/loode-eesti.metsauhistu.ee\/en\/wp-json\/wp\/v2\/types\/page"}],"author":[{"embeddable":true,"href":"https:\/\/loode-eesti.metsauhistu.ee\/en\/wp-json\/wp\/v2\/users\/1"}],"replies":[{"embeddable":true,"href":"https:\/\/loode-eesti.metsauhistu.ee\/en\/wp-json\/wp\/v2\/comments?post=20207"}],"version-history":[{"count":34,"href":"https:\/\/loode-eesti.metsauhistu.ee\/en\/wp-json\/wp\/v2\/pages\/20207\/revisions"}],"predecessor-version":[{"id":21480,"href":"https:\/\/loode-eesti.metsauhistu.ee\/en\/wp-json\/wp\/v2\/pages\/20207\/revisions\/21480"}],"wp:attachment":[{"href":"https:\/\/loode-eesti.metsauhistu.ee\/en\/wp-json\/wp\/v2\/media?parent=20207"}],"curies":[{"name":"wp","href":"https:\/\/api.w.org\/{rel}","templated":true}]}}